{"id":4791,"date":"2023-03-29T21:06:08","date_gmt":"2023-03-29T21:06:08","guid":{"rendered":"https:\/\/mlrf.me\/?page_id=4791"},"modified":"2023-03-29T21:08:26","modified_gmt":"2023-03-29T21:08:26","slug":"reports","status":"publish","type":"page","link":"https:\/\/mlrf.me\/me\/reports\/","title":{"rendered":"Izvje\u0161taji o morskim \u017eivotinjama"},"content":{"rendered":"<div class=\"gb-container gb-container-4b3573aa\"><div class=\"gb-inside-container\">\n\n<h2 class=\"gb-headline gb-headline-ec059cc1\"><span class=\"gb-icon\"><svg xmlns=\"http:\/\/www.w3.org\/2000\/svg\" viewbox=\"0 0 17 21.001\"><path d=\"M15.5 21c-.307 0-.612-.094-.872-.279L8.5 16.344l-6.128 4.377A1.499 1.499 0 010 19.5v-16C0 1.57 1.57 0 3.5 0h10C15.43 0 17 1.57 17 3.5v16a1.502 1.502 0 01-1.5 1.5zm-7-8a1.5 1.5 0 01.872.279L14 16.585V3.5a.5.5 0 00-.5-.5h-10a.5.5 0 00-.5.5v13.085l4.628-3.306A1.5 1.5 0 018.5 13z\"><\/path><\/svg><\/span><span class=\"gb-headline-text\">Poslednji izvje\u0161taji<\/span><\/h2>\n\n\n\n<div style=\"height:30px\" aria-hidden=\"true\" class=\"wp-block-spacer\"><\/div>\n\n\n<style>.wp-show-posts-columns#wpsp-4705 {margin-left: -2em; }.wp-show-posts-columns#wpsp-4705 .wp-show-posts-inner {margin: 0 0 2em 2em; }<\/style><section id=\"wpsp-4705\" class=\"wp-show-posts-columns wp-show-posts\" style=\"\"><article class=\"wp-show-posts-single post-4809 post type-post status-publish format-standard has-post-thumbnail hentry category-reports wpsp-col-4\" itemtype=\"http:\/\/schema.org\/CreativeWork\" itemscope><div class=\"wp-show-posts-inner\" style=\"\">\t\t<div class=\"wp-show-posts-image  wpsp-image-left\">\n\t\t\t<a href=\"https:\/\/mlrf.me\/me\/19-january-2023\/\"  title=\"19. Januar 2023.\"><img loading=\"lazy\" decoding=\"async\" width=\"1280\" height=\"720\" src=\"https:\/\/mlrf.me\/wp-content\/uploads\/2023\/03\/marine-life-report1.jpg\" class=\"attachment-full size-full wp-post-image\" alt=\"\" itemprop=\"image\" srcset=\"https:\/\/mlrf.me\/wp-content\/uploads\/2023\/03\/marine-life-report1.jpg 1280w, https:\/\/mlrf.me\/wp-content\/uploads\/2023\/03\/marine-life-report1-300x169.jpg 300w, https:\/\/mlrf.me\/wp-content\/uploads\/2023\/03\/marine-life-report1-1024x576.jpg 1024w, https:\/\/mlrf.me\/wp-content\/uploads\/2023\/03\/marine-life-report1-768x432.jpg 768w\" sizes=\"auto, (max-width: 1280px) 100vw, 1280px\" \/><\/a>\t\t<\/div>\n\t\t\t\t\t\t\t\t<header class=\"wp-show-posts-entry-header\">\n\t\t\t\t\t\t\t<h2 class=\"wp-show-posts-entry-title\" itemprop=\"headline\"><a href=\"https:\/\/mlrf.me\/me\/19-january-2023\/\" rel=\"bookmark\">19. Januar 2023.<\/a><\/h2><div class=\"wp-show-posts-entry-meta wp-show-posts-entry-meta-below-title post-meta-inline\"><span class=\"wp-show-posts-posted-on wp-show-posts-meta\">\n\t\t\t\t\t<a href=\"https:\/\/mlrf.me\/me\/19-january-2023\/\" title=\"9:52 am\" rel=\"bookmark\"><time class=\"wp-show-posts-entry-date published\" datetime=\"2023-03-30T09:52:18+00:00\" itemprop=\"datePublished\">mart 30. 2023<\/time><time class=\"wp-show-posts-updated\" datetime=\"2023-04-13T11:39:20+00:00\" itemprop=\"dateModified\">\u0430\u043f\u0440\u0438\u043b 13, 2023<\/time><\/a>\n\t\t\t\t<\/span><\/div>\t\t\t\t\t\t<\/header><!-- .entry-header -->\n\t\t\t\t\t\t\t\t\t\t\t<div class=\"wp-show-posts-entry-summary\" itemprop=\"text\">\n\t\t\t\t\t\t\t<p>Nakon olujnog vremena na pla\u017ei u Sutomoru prona\u0111ene su slede\u0107e vrste: glavata morska kornja\u010da (Caretta caretta), zelena alga (Codium bursa) i plod vodenog oraha (Trapa natans).<\/p>\n\t\t\t\t\t\t<\/div><!-- .entry-summary -->\n\t\t\t\t\t<\/div><!-- wp-show-posts-inner --><\/article><article class=\"wp-show-posts-single post-4807 post type-post status-publish format-standard has-post-thumbnail hentry category-reports wpsp-col-4\" itemtype=\"http:\/\/schema.org\/CreativeWork\" itemscope><div class=\"wp-show-posts-inner\" style=\"\">\t\t<div class=\"wp-show-posts-image  wpsp-image-left\">\n\t\t\t<a href=\"https:\/\/mlrf.me\/me\/28-september-2022\/\"  title=\"28. September 2022.\"><img loading=\"lazy\" decoding=\"async\" width=\"1280\" height=\"720\" src=\"https:\/\/mlrf.me\/wp-content\/uploads\/2023\/03\/becici.jpg\" class=\"attachment-full size-full wp-post-image\" alt=\"\" itemprop=\"image\" srcset=\"https:\/\/mlrf.me\/wp-content\/uploads\/2023\/03\/becici.jpg 1280w, https:\/\/mlrf.me\/wp-content\/uploads\/2023\/03\/becici-300x169.jpg 300w, https:\/\/mlrf.me\/wp-content\/uploads\/2023\/03\/becici-1024x576.jpg 1024w, https:\/\/mlrf.me\/wp-content\/uploads\/2023\/03\/becici-768x432.jpg 768w\" sizes=\"auto, (max-width: 1280px) 100vw, 1280px\" \/><\/a>\t\t<\/div>\n\t\t\t\t\t\t\t\t<header class=\"wp-show-posts-entry-header\">\n\t\t\t\t\t\t\t<h2 class=\"wp-show-posts-entry-title\" itemprop=\"headline\"><a href=\"https:\/\/mlrf.me\/me\/28-september-2022\/\" rel=\"bookmark\">28. September 2022.<\/a><\/h2><div class=\"wp-show-posts-entry-meta wp-show-posts-entry-meta-below-title post-meta-inline\"><span class=\"wp-show-posts-posted-on wp-show-posts-meta\">\n\t\t\t\t\t<a href=\"https:\/\/mlrf.me\/me\/28-september-2022\/\" title=\"9:51 am\" rel=\"bookmark\"><time class=\"wp-show-posts-entry-date published\" datetime=\"2023-03-30T09:51:20+00:00\" itemprop=\"datePublished\">mart 30. 2023<\/time><time class=\"wp-show-posts-updated\" datetime=\"2023-04-13T11:45:25+00:00\" itemprop=\"dateModified\">\u0430\u043f\u0440\u0438\u043b 13, 2023<\/time><\/a>\n\t\t\t\t<\/span><\/div>\t\t\t\t\t\t<\/header><!-- .entry-header -->\n\t\t\t\t\t\t\t\t\t\t\t<div class=\"wp-show-posts-entry-summary\" itemprop=\"text\">\n\t\t\t\t\t\t\t<p>Prona\u0111ena je nasukana i uginula odrasla jedinka dobrog delfina (Tursiops truncatus) na pla\u017ei u Rafailovi\u0107ima.  Nakon prijave, zajedno sa Dr Aleksandrom Joksimovi\u0107em iz Instituta...<\/p>\n\t\t\t\t\t\t<\/div><!-- .entry-summary -->\n\t\t\t\t\t<\/div><!-- wp-show-posts-inner --><\/article><article class=\"wp-show-posts-single post-4805 post type-post status-publish format-standard has-post-thumbnail hentry category-reports wpsp-col-4\" itemtype=\"http:\/\/schema.org\/CreativeWork\" itemscope><div class=\"wp-show-posts-inner\" style=\"\">\t\t<div class=\"wp-show-posts-image  wpsp-image-left\">\n\t\t\t<a href=\"https:\/\/mlrf.me\/me\/11-september-2022\/\"  title=\"11. September 2022.\"><img loading=\"lazy\" decoding=\"async\" width=\"680\" height=\"423\" src=\"https:\/\/mlrf.me\/wp-content\/uploads\/2023\/03\/marine-life-research-1.png\" class=\"attachment-full size-full wp-post-image\" alt=\"\" itemprop=\"image\" srcset=\"https:\/\/mlrf.me\/wp-content\/uploads\/2023\/03\/marine-life-research-1.png 680w, https:\/\/mlrf.me\/wp-content\/uploads\/2023\/03\/marine-life-research-1-300x187.png 300w\" sizes=\"auto, (max-width: 680px) 100vw, 680px\" \/><\/a>\t\t<\/div>\n\t\t\t\t\t\t\t\t<header class=\"wp-show-posts-entry-header\">\n\t\t\t\t\t\t\t<h2 class=\"wp-show-posts-entry-title\" itemprop=\"headline\"><a href=\"https:\/\/mlrf.me\/me\/11-september-2022\/\" rel=\"bookmark\">11. September 2022.<\/a><\/h2><div class=\"wp-show-posts-entry-meta wp-show-posts-entry-meta-below-title post-meta-inline\"><span class=\"wp-show-posts-posted-on wp-show-posts-meta\">\n\t\t\t\t\t<a href=\"https:\/\/mlrf.me\/me\/11-september-2022\/\" title=\"9:49 am\" rel=\"bookmark\"><time class=\"wp-show-posts-entry-date published\" datetime=\"2023-03-30T09:49:51+00:00\" itemprop=\"datePublished\">mart 30. 2023<\/time><time class=\"wp-show-posts-updated\" datetime=\"2023-04-13T11:48:58+00:00\" itemprop=\"dateModified\">\u0430\u043f\u0440\u0438\u043b 13, 2023<\/time><\/a>\n\t\t\t\t<\/span><\/div>\t\t\t\t\t\t<\/header><!-- .entry-header -->\n\t\t\t\t\t\t\t\t\t\t\t<div class=\"wp-show-posts-entry-summary\" itemprop=\"text\">\n\t\t\t\t\t\t\t<p>Na podru\u010dju Ulcinja, prona\u0111ena je uginula jedinka dobrog delfina (Tursiops truncatus), u ovom slu\u010daju mladun\u010de, koje je prema saznanjima imalo pokidanu mre\u017eu oko repa.<\/p>\n\t\t\t\t\t\t<\/div><!-- .entry-summary -->\n\t\t\t\t\t<\/div><!-- wp-show-posts-inner --><\/article><article class=\"wp-show-posts-single post-4803 post type-post status-publish format-standard has-post-thumbnail hentry category-reports wpsp-col-4\" itemtype=\"http:\/\/schema.org\/CreativeWork\" itemscope><div class=\"wp-show-posts-inner\" style=\"\">\t\t<div class=\"wp-show-posts-image  wpsp-image-left\">\n\t\t\t<a href=\"https:\/\/mlrf.me\/me\/28-august-2022\/\"  title=\"28. August 2022.\"><img loading=\"lazy\" decoding=\"async\" width=\"1280\" height=\"720\" src=\"https:\/\/mlrf.me\/wp-content\/uploads\/2023\/03\/becici.jpg\" class=\"attachment-full size-full wp-post-image\" alt=\"\" itemprop=\"image\" srcset=\"https:\/\/mlrf.me\/wp-content\/uploads\/2023\/03\/becici.jpg 1280w, https:\/\/mlrf.me\/wp-content\/uploads\/2023\/03\/becici-300x169.jpg 300w, https:\/\/mlrf.me\/wp-content\/uploads\/2023\/03\/becici-1024x576.jpg 1024w, https:\/\/mlrf.me\/wp-content\/uploads\/2023\/03\/becici-768x432.jpg 768w\" sizes=\"auto, (max-width: 1280px) 100vw, 1280px\" \/><\/a>\t\t<\/div>\n\t\t\t\t\t\t\t\t<header class=\"wp-show-posts-entry-header\">\n\t\t\t\t\t\t\t<h2 class=\"wp-show-posts-entry-title\" itemprop=\"headline\"><a href=\"https:\/\/mlrf.me\/me\/28-august-2022\/\" rel=\"bookmark\">28. August 2022.<\/a><\/h2><div class=\"wp-show-posts-entry-meta wp-show-posts-entry-meta-below-title post-meta-inline\"><span class=\"wp-show-posts-posted-on wp-show-posts-meta\">\n\t\t\t\t\t<a href=\"https:\/\/mlrf.me\/me\/28-august-2022\/\" title=\"9:48 am\" rel=\"bookmark\"><time class=\"wp-show-posts-entry-date published\" datetime=\"2023-03-30T09:48:32+00:00\" itemprop=\"datePublished\">mart 30. 2023<\/time><time class=\"wp-show-posts-updated\" datetime=\"2023-04-07T12:13:44+00:00\" itemprop=\"dateModified\">\u0430\u043f\u0440\u0438\u043b 7, 2023<\/time><\/a>\n\t\t\t\t<\/span><\/div>\t\t\t\t\t\t<\/header><!-- .entry-header -->\n\t\t\t\t\t\t\t\t\t\t\t<div class=\"wp-show-posts-entry-summary\" itemprop=\"text\">\n\t\t\t\t\t\t\t<p>Na ulcinjskoj pla\u017ei prona\u0111en je nasukani i mrtav delfin sa vidljivim ranama na tijelu.<\/p>\n\t\t\t\t\t\t<\/div><!-- .entry-summary -->\n\t\t\t\t\t<\/div><!-- wp-show-posts-inner --><\/article><article class=\"wp-show-posts-single post-4798 post type-post status-publish format-standard has-post-thumbnail hentry category-reports wpsp-col-4\" itemtype=\"http:\/\/schema.org\/CreativeWork\" itemscope><div class=\"wp-show-posts-inner\" style=\"\">\t\t<div class=\"wp-show-posts-image  wpsp-image-left\">\n\t\t\t<a href=\"https:\/\/mlrf.me\/me\/22-february-2022\/\"  title=\"22. February 2022\"><img loading=\"lazy\" decoding=\"async\" width=\"1280\" height=\"720\" src=\"https:\/\/mlrf.me\/wp-content\/uploads\/2023\/03\/marine-becici.jpg\" class=\"attachment-full size-full wp-post-image\" alt=\"\" itemprop=\"image\" srcset=\"https:\/\/mlrf.me\/wp-content\/uploads\/2023\/03\/marine-becici.jpg 1280w, https:\/\/mlrf.me\/wp-content\/uploads\/2023\/03\/marine-becici-300x169.jpg 300w, https:\/\/mlrf.me\/wp-content\/uploads\/2023\/03\/marine-becici-1024x576.jpg 1024w, https:\/\/mlrf.me\/wp-content\/uploads\/2023\/03\/marine-becici-768x432.jpg 768w\" sizes=\"auto, (max-width: 1280px) 100vw, 1280px\" \/><\/a>\t\t<\/div>\n\t\t\t\t\t\t\t\t<header class=\"wp-show-posts-entry-header\">\n\t\t\t\t\t\t\t<h2 class=\"wp-show-posts-entry-title\" itemprop=\"headline\"><a href=\"https:\/\/mlrf.me\/me\/22-february-2022\/\" rel=\"bookmark\">22. February 2022<\/a><\/h2><div class=\"wp-show-posts-entry-meta wp-show-posts-entry-meta-below-title post-meta-inline\"><span class=\"wp-show-posts-posted-on wp-show-posts-meta\">\n\t\t\t\t\t<a href=\"https:\/\/mlrf.me\/me\/22-february-2022\/\" title=\"9:44 am\" rel=\"bookmark\"><time class=\"wp-show-posts-entry-date published\" datetime=\"2023-03-30T09:44:03+00:00\" itemprop=\"datePublished\">mart 30. 2023<\/time><time class=\"wp-show-posts-updated\" datetime=\"2023-04-19T12:50:42+00:00\" itemprop=\"dateModified\">\u0430\u043f\u0440\u0438\u043b 19, 2023<\/time><\/a>\n\t\t\t\t<\/span><\/div>\t\t\t\t\t\t<\/header><!-- .entry-header -->\n\t\t\t\t\t\t\t\t\t\t\t<div class=\"wp-show-posts-entry-summary\" itemprop=\"text\">\n\t\t\t\t\t\t\t<p>Prona\u0111ena je nasukana i uginula jedinka prugastog delfina (Stenella coeruleoalba) na pla\u017ei u Be\u010di\u0107ima.<\/p>\n\t\t\t\t\t\t<\/div><!-- .entry-summary -->\n\t\t\t\t\t<\/div><!-- wp-show-posts-inner --><\/article><div class=\"wpsp-clear\"><\/div><\/section><!-- .wp-show-posts -->\n\n<\/div><\/div>","protected":false},"excerpt":{"rendered":"<p>Poslednji izvje\u0161taji<\/p>","protected":false},"author":1,"featured_media":0,"parent":0,"menu_order":0,"comment_status":"closed","ping_status":"closed","template":"","meta":{"footnotes":""},"class_list":["post-4791","page","type-page","status-publish","hentry","generate-columns","tablet-grid-50","mobile-grid-100","grid-parent","grid-50"],"yoast_head":"<!-- This site is optimized with the Yoast SEO plugin v27.5 - https:\/\/yoast.com\/product\/yoast-seo-wordpress\/ -->\n<title>Marine Animal Reports - MLRF<\/title>\n<meta name=\"robots\" content=\"index, follow, max-snippet:-1, max-image-preview:large, max-video-preview:-1\" \/>\n<link rel=\"canonical\" href=\"https:\/\/mlrf.me\/me\/reports\/\" \/>\n<meta property=\"og:locale\" content=\"sr_RS\" \/>\n<meta property=\"og:type\" content=\"article\" \/>\n<meta property=\"og:title\" content=\"Marine Animal Reports - MLRF\" \/>\n<meta property=\"og:description\" content=\"Latest Marine Animal Reports\" \/>\n<meta property=\"og:url\" content=\"https:\/\/mlrf.me\/me\/reports\/\" \/>\n<meta property=\"og:site_name\" content=\"MLRF\" \/>\n<meta property=\"article:publisher\" content=\"https:\/\/www.facebook.com\/marineliferesearchfoundation?locale=sr_RS\" \/>\n<meta property=\"article:modified_time\" content=\"2023-03-29T21:08:26+00:00\" \/>\n<meta name=\"twitter:card\" content=\"summary_large_image\" \/>\n<script type=\"application\/ld+json\" class=\"yoast-schema-graph\">{\"@context\":\"https:\\\/\\\/schema.org\",\"@graph\":[{\"@type\":\"WebPage\",\"@id\":\"https:\\\/\\\/mlrf.me\\\/reports\\\/\",\"url\":\"https:\\\/\\\/mlrf.me\\\/reports\\\/\",\"name\":\"Marine Animal Reports - MLRF\",\"isPartOf\":{\"@id\":\"https:\\\/\\\/mlrf.me\\\/me\\\/#website\"},\"datePublished\":\"2023-03-29T21:06:08+00:00\",\"dateModified\":\"2023-03-29T21:08:26+00:00\",\"breadcrumb\":{\"@id\":\"https:\\\/\\\/mlrf.me\\\/reports\\\/#breadcrumb\"},\"inLanguage\":\"sr-RS\",\"potentialAction\":[{\"@type\":\"ReadAction\",\"target\":[\"https:\\\/\\\/mlrf.me\\\/reports\\\/\"]}]},{\"@type\":\"BreadcrumbList\",\"@id\":\"https:\\\/\\\/mlrf.me\\\/reports\\\/#breadcrumb\",\"itemListElement\":[{\"@type\":\"ListItem\",\"position\":1,\"name\":\"Home\",\"item\":\"https:\\\/\\\/mlrf.me\\\/\"},{\"@type\":\"ListItem\",\"position\":2,\"name\":\"Marine Animal Reports\"}]},{\"@type\":\"WebSite\",\"@id\":\"https:\\\/\\\/mlrf.me\\\/me\\\/#website\",\"url\":\"https:\\\/\\\/mlrf.me\\\/me\\\/\",\"name\":\"MLRF\",\"description\":\"Marine Life Research Foundation\",\"publisher\":{\"@id\":\"https:\\\/\\\/mlrf.me\\\/me\\\/#organization\"},\"potentialAction\":[{\"@type\":\"SearchAction\",\"target\":{\"@type\":\"EntryPoint\",\"urlTemplate\":\"https:\\\/\\\/mlrf.me\\\/me\\\/?s={search_term_string}\"},\"query-input\":{\"@type\":\"PropertyValueSpecification\",\"valueRequired\":true,\"valueName\":\"search_term_string\"}}],\"inLanguage\":\"sr-RS\"},{\"@type\":\"Organization\",\"@id\":\"https:\\\/\\\/mlrf.me\\\/me\\\/#organization\",\"name\":\"Marine Life Research Foundation\",\"url\":\"https:\\\/\\\/mlrf.me\\\/me\\\/\",\"logo\":{\"@type\":\"ImageObject\",\"inLanguage\":\"sr-RS\",\"@id\":\"https:\\\/\\\/mlrf.me\\\/me\\\/#\\\/schema\\\/logo\\\/image\\\/\",\"url\":\"https:\\\/\\\/mlrf.me\\\/wp-content\\\/uploads\\\/2023\\\/03\\\/cropped-marine-life-research.png\",\"contentUrl\":\"https:\\\/\\\/mlrf.me\\\/wp-content\\\/uploads\\\/2023\\\/03\\\/cropped-marine-life-research.png\",\"width\":978,\"height\":978,\"caption\":\"Marine Life Research Foundation\"},\"image\":{\"@id\":\"https:\\\/\\\/mlrf.me\\\/me\\\/#\\\/schema\\\/logo\\\/image\\\/\"},\"sameAs\":[\"https:\\\/\\\/www.facebook.com\\\/marineliferesearchfoundation?locale=sr_RS\",\"https:\\\/\\\/www.instagram.com\\\/marinelife_rf\\\/\"]}]}<\/script>\n<!-- \/ Yoast SEO plugin. -->","yoast_head_json":{"title":"Marine Animal Reports - MLRF","robots":{"index":"index","follow":"follow","max-snippet":"max-snippet:-1","max-image-preview":"max-image-preview:large","max-video-preview":"max-video-preview:-1"},"canonical":"https:\/\/mlrf.me\/me\/reports\/","og_locale":"sr_RS","og_type":"article","og_title":"Marine Animal Reports - MLRF","og_description":"Latest Marine Animal Reports","og_url":"https:\/\/mlrf.me\/me\/reports\/","og_site_name":"MLRF","article_publisher":"https:\/\/www.facebook.com\/marineliferesearchfoundation?locale=sr_RS","article_modified_time":"2023-03-29T21:08:26+00:00","twitter_card":"summary_large_image","schema":{"@context":"https:\/\/schema.org","@graph":[{"@type":"WebPage","@id":"https:\/\/mlrf.me\/reports\/","url":"https:\/\/mlrf.me\/reports\/","name":"Marine Animal Reports - MLRF","isPartOf":{"@id":"https:\/\/mlrf.me\/me\/#website"},"datePublished":"2023-03-29T21:06:08+00:00","dateModified":"2023-03-29T21:08:26+00:00","breadcrumb":{"@id":"https:\/\/mlrf.me\/reports\/#breadcrumb"},"inLanguage":"sr-RS","potentialAction":[{"@type":"ReadAction","target":["https:\/\/mlrf.me\/reports\/"]}]},{"@type":"BreadcrumbList","@id":"https:\/\/mlrf.me\/reports\/#breadcrumb","itemListElement":[{"@type":"ListItem","position":1,"name":"Home","item":"https:\/\/mlrf.me\/"},{"@type":"ListItem","position":2,"name":"Marine Animal Reports"}]},{"@type":"WebSite","@id":"https:\/\/mlrf.me\/me\/#website","url":"https:\/\/mlrf.me\/me\/","name":"MLRF","description":"Fondacija za istra\u017eivanje morskog \u017eivota","publisher":{"@id":"https:\/\/mlrf.me\/me\/#organization"},"potentialAction":[{"@type":"SearchAction","target":{"@type":"EntryPoint","urlTemplate":"https:\/\/mlrf.me\/me\/?s={search_term_string}"},"query-input":{"@type":"PropertyValueSpecification","valueRequired":true,"valueName":"search_term_string"}}],"inLanguage":"sr-RS"},{"@type":"Organization","@id":"https:\/\/mlrf.me\/me\/#organization","name":"Fondacija za istra\u017eivanje morskog \u017eivota","url":"https:\/\/mlrf.me\/me\/","logo":{"@type":"ImageObject","inLanguage":"sr-RS","@id":"https:\/\/mlrf.me\/me\/#\/schema\/logo\/image\/","url":"https:\/\/mlrf.me\/wp-content\/uploads\/2023\/03\/cropped-marine-life-research.png","contentUrl":"https:\/\/mlrf.me\/wp-content\/uploads\/2023\/03\/cropped-marine-life-research.png","width":978,"height":978,"caption":"Marine Life Research Foundation"},"image":{"@id":"https:\/\/mlrf.me\/me\/#\/schema\/logo\/image\/"},"sameAs":["https:\/\/www.facebook.com\/marineliferesearchfoundation?locale=sr_RS","https:\/\/www.instagram.com\/marinelife_rf\/"]}]}},"_links":{"self":[{"href":"https:\/\/mlrf.me\/me\/wp-json\/wp\/v2\/pages\/4791","targetHints":{"allow":["GET"]}}],"collection":[{"href":"https:\/\/mlrf.me\/me\/wp-json\/wp\/v2\/pages"}],"about":[{"href":"https:\/\/mlrf.me\/me\/wp-json\/wp\/v2\/types\/page"}],"author":[{"embeddable":true,"href":"https:\/\/mlrf.me\/me\/wp-json\/wp\/v2\/users\/1"}],"replies":[{"embeddable":true,"href":"https:\/\/mlrf.me\/me\/wp-json\/wp\/v2\/comments?post=4791"}],"version-history":[{"count":3,"href":"https:\/\/mlrf.me\/me\/wp-json\/wp\/v2\/pages\/4791\/revisions"}],"predecessor-version":[{"id":4795,"href":"https:\/\/mlrf.me\/me\/wp-json\/wp\/v2\/pages\/4791\/revisions\/4795"}],"wp:attachment":[{"href":"https:\/\/mlrf.me\/me\/wp-json\/wp\/v2\/media?parent=4791"}],"curies":[{"name":"wp","href":"https:\/\/api.w.org\/{rel}","templated":true}]}}