{"id":3575,"date":"2020-12-07T18:05:20","date_gmt":"2020-12-07T18:05:20","guid":{"rendered":"https:\/\/gpsites.co\/donate\/?page_id=3575"},"modified":"2023-04-03T11:45:21","modified_gmt":"2023-04-03T11:45:21","slug":"about-us","status":"publish","type":"page","link":"https:\/\/mlrf.me\/me\/about-us\/","title":{"rendered":"O nama"},"content":{"rendered":"<div class=\"gb-container gb-container-8d8a39cf\"><div class=\"gb-inside-container\">\n<div class=\"gb-grid-wrapper gb-grid-wrapper-0e35b946\">\n<div class=\"gb-grid-column gb-grid-column-fab78e7d\"><div class=\"gb-container gb-container-fab78e7d\"><div class=\"gb-inside-container\">\n\n<h2 class=\"gb-headline gb-headline-2e0f032a gb-headline-text\">Misije i ciljevi<\/h2>\n\n\n\n<p>Fondacija za istra\u017eivanje morskog \u017eivota osnovana je 2022. godine u Baru, Crna Gora. Fondacija za istra\u017eivanje morskog \u017eivota je neprofitna organizacija osnovana u cilju za\u0161tite mora i marinskih organizama sprovo\u0111enjem <em>nau\u010dnih istra\u017eivanja<\/em> kao i <em>edukativnog programa <\/em>u cilju podizanja svijesti javnosti o za\u0161titi \u017eivotne sredine<\/p>\n\n\n\n<p>Prikupljanjem nau\u010dnih podataka o marinskim vrstama, sa akcentom na marinske top\npredatore, kao \u0161to su morski sisari, \u010dija je uloga u marinskom ekosistemu od velikog\nzna\u010daja, a tako\u0111e sprovo\u0111enjem edukativnih programa i uklju\u010divanjem javnosti u iste,\nte\u017eimo ne samo ka boljoj za\u0161titi marinskih vrsta ve\u0107 i cijelog marinskog ekosistema.<\/p>\n\n\n\n<p>Osim toga, kako bismo postigli prethodno navedene ciljeve, te\u017eimo ka uspostavljanjem\nsaradnje sa dr\u017eavnim institucijama i nevladinim organizacijama, kao i uklju\u010divanjem\njavnosti i okviru edukativnih programa. Istra\u017eivanja sprovodimo uz dozvolu dr\u017eavnih\ninstitucija i u skladu sa zakonima.<\/p>\n\n<\/div><\/div><\/div>\n\n<div class=\"gb-grid-column gb-grid-column-97ddc147\"><div class=\"gb-container gb-container-97ddc147\"><div class=\"gb-inside-container\">\n\n<figure class=\"wp-block-image size-full image-style img\"><img loading=\"lazy\" decoding=\"async\" width=\"850\" height=\"500\" src=\"https:\/\/mlrf.me\/wp-content\/uploads\/2023\/03\/misije-i-ciljevi.jpg\" alt=\"\" class=\"wp-image-4659\" srcset=\"https:\/\/mlrf.me\/wp-content\/uploads\/2023\/03\/misije-i-ciljevi.jpg 850w, https:\/\/mlrf.me\/wp-content\/uploads\/2023\/03\/misije-i-ciljevi-300x176.jpg 300w, https:\/\/mlrf.me\/wp-content\/uploads\/2023\/03\/misije-i-ciljevi-768x452.jpg 768w\" sizes=\"auto, (max-width: 850px) 100vw, 850px\" \/><figcaption class=\"wp-element-caption\">Fondacija za istra\u017eivanje morskog \u017eivota - misija i ciljevi<\/figcaption><\/figure>\n\n\n\n<figure class=\"wp-block-image size-full image-style img\"><img loading=\"lazy\" decoding=\"async\" width=\"850\" height=\"500\" src=\"https:\/\/mlrf.me\/wp-content\/uploads\/2023\/03\/missions-marine-life.jpg\" alt=\"\" class=\"wp-image-4665\" srcset=\"https:\/\/mlrf.me\/wp-content\/uploads\/2023\/03\/missions-marine-life.jpg 850w, https:\/\/mlrf.me\/wp-content\/uploads\/2023\/03\/missions-marine-life-300x176.jpg 300w, https:\/\/mlrf.me\/wp-content\/uploads\/2023\/03\/missions-marine-life-768x452.jpg 768w\" sizes=\"auto, (max-width: 850px) 100vw, 850px\" \/><figcaption class=\"wp-element-caption\">Fondacija za istra\u017eivanje morskog \u017eivota - misija i ciljevi<\/figcaption><\/figure>\n\n\n\n<p><\/p>\n\n<\/div><\/div><\/div>\n<\/div>\n\n\n<div style=\"height:100px\" aria-hidden=\"true\" class=\"wp-block-spacer\"><\/div>\n\n\n\n<h2 class=\"gb-headline gb-headline-34dea791 gb-headline-text\">Konferencije i radionice<\/h2>\n\n\n\n<div class=\"wp-block-esab-accordion accordion-3c021ef7\" data-mode=\"global\"><div class=\"esab__container\" style=\"row-gap:10px;margin:0px 0px 0px 0px\">\n<div class=\"wp-block-esab-accordion-child\" style=\"border:1px solid #E0E0E0\"><div class=\"esab__head\" style=\"padding:10px 10px 10px 10px;background-color:transparent\" role=\"button\" aria-expanded=\"false\"><div class=\"esab__heading_txt\"><p class=\"esab__heading_tag\">AdriBioPro 2022<\/p><\/div><div class=\"esab__icon\"><div class=\"esab__collapse\"><svg version=\"1.2\" viewbox=\"0 0 24 24\" width=\"24\" height=\"24\"><path fill-rule=\"evenodd\" d=\"m3.5 20.5c-4.7-4.7-4.7-12.3 0-17 4.7-4.7 12.3-4.7 17 0 4.6 4.7 4.6 12.3 0 17-4.7 4.6-12.3 4.6-17 0zm0.9-0.9c4.2 4.2 11 4.2 15.2 0 4.2-4.2 4.2-11 0-15.2-4.2-4.3-11-4.3-15.2 0-4.3 4.2-4.3 11 0 15.2z\"><\/path><path d=\"m11.4 15.9v-3.3h-3.3c-0.3 0-0.6-0.3-0.6-0.6 0-0.4 0.3-0.6 0.6-0.6h3.3v-3.3c0-0.3 0.3-0.6 0.6-0.6 0.3 0 0.6 0.3 0.6 0.6v3.3h3.3c0.3 0 0.6 0.2 0.6 0.6q0 0.2-0.2 0.4-0.2 0.2-0.4 0.2h-3.3v3.3q0 0.2-0.2 0.4-0.2 0.2-0.4 0.2c-0.4 0-0.6-0.3-0.6-0.6z\"><\/path><\/svg><\/div><div class=\"esab__expand\"><svg version=\"1.2\" viewbox=\"0 0 24 24\" width=\"24\" height=\"24\"><path fill-rule=\"evenodd\" d=\"m12 24c-6.6 0-12-5.4-12-12 0-6.6 5.4-12 12-12 6.6 0 12 5.4 12 12 0 6.6-5.4 12-12 12zm10.6-12c0-5.9-4.7-10.6-10.6-10.6-5.9 0-10.6 4.7-10.6 10.6 0 5.9 4.7 10.6 10.6 10.6 5.9 0 10.6-4.7 10.6-10.6z\"><\/path><path d=\"m5.6 11.3h12.8v1.4h-12.8z\"><\/path><\/svg><\/div><\/div><\/div><div class=\"esab__body\" style=\"border-top:1px solid #E0E0E0;padding:10px 10px 10px 10px;background-color:transparent\">\n<p>AdriBioPro 2022 (International Conference: Adriatic Biodiversity Protection), odr\u017eana\nizme\u0111u 13. i 16. juna 2022. godine u Kotoru, Crna Gora.<\/p>\n\n\n\n<figure class=\"wp-block-image size-full is-resized\"><img loading=\"lazy\" decoding=\"async\" src=\"https:\/\/mlrf.me\/wp-content\/uploads\/2023\/03\/adribiopro.jpg\" alt=\"\" class=\"wp-image-4673\" width=\"425\" height=\"250\" srcset=\"https:\/\/mlrf.me\/wp-content\/uploads\/2023\/03\/adribiopro.jpg 850w, https:\/\/mlrf.me\/wp-content\/uploads\/2023\/03\/adribiopro-300x176.jpg 300w, https:\/\/mlrf.me\/wp-content\/uploads\/2023\/03\/adribiopro-768x452.jpg 768w\" sizes=\"auto, (max-width: 425px) 100vw, 425px\" \/><\/figure>\n<\/div><\/div>\n\n\n\n<div class=\"wp-block-esab-accordion-child\" style=\"border:1px solid #E0E0E0\"><div class=\"esab__head\" style=\"padding:10px 10px 10px 10px;background-color:transparent\" role=\"button\" aria-expanded=\"false\"><div class=\"esab__heading_txt\"><p class=\"esab__heading_tag\">Acoustic Telemetry Workshop<\/p><\/div><div class=\"esab__icon\"><div class=\"esab__collapse\"><svg version=\"1.2\" viewbox=\"0 0 24 24\" width=\"24\" height=\"24\"><path fill-rule=\"evenodd\" d=\"m3.5 20.5c-4.7-4.7-4.7-12.3 0-17 4.7-4.7 12.3-4.7 17 0 4.6 4.7 4.6 12.3 0 17-4.7 4.6-12.3 4.6-17 0zm0.9-0.9c4.2 4.2 11 4.2 15.2 0 4.2-4.2 4.2-11 0-15.2-4.2-4.3-11-4.3-15.2 0-4.3 4.2-4.3 11 0 15.2z\"><\/path><path d=\"m11.4 15.9v-3.3h-3.3c-0.3 0-0.6-0.3-0.6-0.6 0-0.4 0.3-0.6 0.6-0.6h3.3v-3.3c0-0.3 0.3-0.6 0.6-0.6 0.3 0 0.6 0.3 0.6 0.6v3.3h3.3c0.3 0 0.6 0.2 0.6 0.6q0 0.2-0.2 0.4-0.2 0.2-0.4 0.2h-3.3v3.3q0 0.2-0.2 0.4-0.2 0.2-0.4 0.2c-0.4 0-0.6-0.3-0.6-0.6z\"><\/path><\/svg><\/div><div class=\"esab__expand\"><svg version=\"1.2\" viewbox=\"0 0 24 24\" width=\"24\" height=\"24\"><path fill-rule=\"evenodd\" d=\"m12 24c-6.6 0-12-5.4-12-12 0-6.6 5.4-12 12-12 6.6 0 12 5.4 12 12 0 6.6-5.4 12-12 12zm10.6-12c0-5.9-4.7-10.6-10.6-10.6-5.9 0-10.6 4.7-10.6 10.6 0 5.9 4.7 10.6 10.6 10.6 5.9 0 10.6-4.7 10.6-10.6z\"><\/path><path d=\"m5.6 11.3h12.8v1.4h-12.8z\"><\/path><\/svg><\/div><\/div><\/div><div class=\"esab__body\" style=\"border-top:1px solid #E0E0E0;padding:10px 10px 10px 10px;background-color:transparent\">\n<p>Acoustic Telemetry Workshop, odr\u017eana 15. i 16. marta 2023. godine u Vl\u00f6re, Albanija.<\/p>\n\n\n\n<figure class=\"wp-block-image size-full is-resized\"><img loading=\"lazy\" decoding=\"async\" src=\"https:\/\/mlrf.me\/wp-content\/uploads\/2023\/03\/acoustic.jpg\" alt=\"\" class=\"wp-image-4683\" width=\"425\" height=\"250\" srcset=\"https:\/\/mlrf.me\/wp-content\/uploads\/2023\/03\/acoustic.jpg 850w, https:\/\/mlrf.me\/wp-content\/uploads\/2023\/03\/acoustic-300x176.jpg 300w, https:\/\/mlrf.me\/wp-content\/uploads\/2023\/03\/acoustic-768x452.jpg 768w\" sizes=\"auto, (max-width: 425px) 100vw, 425px\" \/><\/figure>\n<\/div><\/div>\n<\/div><\/div>\n\n<\/div><\/div>","protected":false},"excerpt":{"rendered":"<p>Konferencije i radionice<\/p>","protected":false},"author":1,"featured_media":0,"parent":0,"menu_order":0,"comment_status":"closed","ping_status":"closed","template":"","meta":{"footnotes":""},"class_list":["post-3575","page","type-page","status-publish"],"yoast_head":"<!-- This site is optimized with the Yoast SEO plugin v27.5 - https:\/\/yoast.com\/product\/yoast-seo-wordpress\/ -->\n<title>About us - MLRF<\/title>\n<meta name=\"robots\" content=\"index, follow, max-snippet:-1, max-image-preview:large, max-video-preview:-1\" \/>\n<link rel=\"canonical\" href=\"https:\/\/mlrf.me\/me\/about-us\/\" \/>\n<meta property=\"og:locale\" content=\"sr_RS\" \/>\n<meta property=\"og:type\" content=\"article\" \/>\n<meta property=\"og:title\" content=\"About us - MLRF\" \/>\n<meta property=\"og:description\" content=\"Conferencess and Workshops\" \/>\n<meta property=\"og:url\" content=\"https:\/\/mlrf.me\/me\/about-us\/\" \/>\n<meta property=\"og:site_name\" content=\"MLRF\" \/>\n<meta property=\"article:publisher\" content=\"https:\/\/www.facebook.com\/marineliferesearchfoundation?locale=sr_RS\" \/>\n<meta property=\"article:modified_time\" content=\"2023-04-03T11:45:21+00:00\" \/>\n<meta property=\"og:image\" content=\"https:\/\/mlrf.me\/wp-content\/uploads\/2023\/03\/misije-i-ciljevi.jpg\" \/>\n\t<meta property=\"og:image:width\" content=\"850\" \/>\n\t<meta property=\"og:image:height\" content=\"500\" \/>\n\t<meta property=\"og:image:type\" content=\"image\/jpeg\" \/>\n<meta name=\"twitter:card\" content=\"summary_large_image\" \/>\n<meta name=\"twitter:label1\" content=\"\u041f\u0440\u043e\u0446\u0435\u045a\u0435\u043d\u043e \u0432\u0440\u0435\u043c\u0435 \u0447\u0438\u0442\u0430\u045a\u0430\" \/>\n\t<meta name=\"twitter:data1\" content=\"1 \u043c\u0438\u043d\u0443\u0442\" \/>\n<script type=\"application\/ld+json\" class=\"yoast-schema-graph\">{\"@context\":\"https:\\\/\\\/schema.org\",\"@graph\":[{\"@type\":\"WebPage\",\"@id\":\"https:\\\/\\\/mlrf.me\\\/about-us\\\/\",\"url\":\"https:\\\/\\\/mlrf.me\\\/about-us\\\/\",\"name\":\"About us - MLRF\",\"isPartOf\":{\"@id\":\"https:\\\/\\\/mlrf.me\\\/me\\\/#website\"},\"primaryImageOfPage\":{\"@id\":\"https:\\\/\\\/mlrf.me\\\/about-us\\\/#primaryimage\"},\"image\":{\"@id\":\"https:\\\/\\\/mlrf.me\\\/about-us\\\/#primaryimage\"},\"thumbnailUrl\":\"https:\\\/\\\/mlrf.me\\\/wp-content\\\/uploads\\\/2023\\\/03\\\/misije-i-ciljevi.jpg\",\"datePublished\":\"2020-12-07T18:05:20+00:00\",\"dateModified\":\"2023-04-03T11:45:21+00:00\",\"breadcrumb\":{\"@id\":\"https:\\\/\\\/mlrf.me\\\/about-us\\\/#breadcrumb\"},\"inLanguage\":\"sr-RS\",\"potentialAction\":[{\"@type\":\"ReadAction\",\"target\":[\"https:\\\/\\\/mlrf.me\\\/about-us\\\/\"]}]},{\"@type\":\"ImageObject\",\"inLanguage\":\"sr-RS\",\"@id\":\"https:\\\/\\\/mlrf.me\\\/about-us\\\/#primaryimage\",\"url\":\"https:\\\/\\\/mlrf.me\\\/wp-content\\\/uploads\\\/2023\\\/03\\\/misije-i-ciljevi.jpg\",\"contentUrl\":\"https:\\\/\\\/mlrf.me\\\/wp-content\\\/uploads\\\/2023\\\/03\\\/misije-i-ciljevi.jpg\"},{\"@type\":\"BreadcrumbList\",\"@id\":\"https:\\\/\\\/mlrf.me\\\/about-us\\\/#breadcrumb\",\"itemListElement\":[{\"@type\":\"ListItem\",\"position\":1,\"name\":\"Home\",\"item\":\"https:\\\/\\\/mlrf.me\\\/\"},{\"@type\":\"ListItem\",\"position\":2,\"name\":\"About us\"}]},{\"@type\":\"WebSite\",\"@id\":\"https:\\\/\\\/mlrf.me\\\/me\\\/#website\",\"url\":\"https:\\\/\\\/mlrf.me\\\/me\\\/\",\"name\":\"MLRF\",\"description\":\"Marine Life Research Foundation\",\"publisher\":{\"@id\":\"https:\\\/\\\/mlrf.me\\\/me\\\/#organization\"},\"potentialAction\":[{\"@type\":\"SearchAction\",\"target\":{\"@type\":\"EntryPoint\",\"urlTemplate\":\"https:\\\/\\\/mlrf.me\\\/me\\\/?s={search_term_string}\"},\"query-input\":{\"@type\":\"PropertyValueSpecification\",\"valueRequired\":true,\"valueName\":\"search_term_string\"}}],\"inLanguage\":\"sr-RS\"},{\"@type\":\"Organization\",\"@id\":\"https:\\\/\\\/mlrf.me\\\/me\\\/#organization\",\"name\":\"Marine Life Research Foundation\",\"url\":\"https:\\\/\\\/mlrf.me\\\/me\\\/\",\"logo\":{\"@type\":\"ImageObject\",\"inLanguage\":\"sr-RS\",\"@id\":\"https:\\\/\\\/mlrf.me\\\/me\\\/#\\\/schema\\\/logo\\\/image\\\/\",\"url\":\"https:\\\/\\\/mlrf.me\\\/wp-content\\\/uploads\\\/2023\\\/03\\\/cropped-marine-life-research.png\",\"contentUrl\":\"https:\\\/\\\/mlrf.me\\\/wp-content\\\/uploads\\\/2023\\\/03\\\/cropped-marine-life-research.png\",\"width\":978,\"height\":978,\"caption\":\"Marine Life Research Foundation\"},\"image\":{\"@id\":\"https:\\\/\\\/mlrf.me\\\/me\\\/#\\\/schema\\\/logo\\\/image\\\/\"},\"sameAs\":[\"https:\\\/\\\/www.facebook.com\\\/marineliferesearchfoundation?locale=sr_RS\",\"https:\\\/\\\/www.instagram.com\\\/marinelife_rf\\\/\"]}]}<\/script>\n<!-- \/ Yoast SEO plugin. -->","yoast_head_json":{"title":"About us - MLRF","robots":{"index":"index","follow":"follow","max-snippet":"max-snippet:-1","max-image-preview":"max-image-preview:large","max-video-preview":"max-video-preview:-1"},"canonical":"https:\/\/mlrf.me\/me\/about-us\/","og_locale":"sr_RS","og_type":"article","og_title":"About us - MLRF","og_description":"Conferencess and Workshops","og_url":"https:\/\/mlrf.me\/me\/about-us\/","og_site_name":"MLRF","article_publisher":"https:\/\/www.facebook.com\/marineliferesearchfoundation?locale=sr_RS","article_modified_time":"2023-04-03T11:45:21+00:00","og_image":[{"width":850,"height":500,"url":"https:\/\/mlrf.me\/wp-content\/uploads\/2023\/03\/misije-i-ciljevi.jpg","type":"image\/jpeg"}],"twitter_card":"summary_large_image","twitter_misc":{"\u041f\u0440\u043e\u0446\u0435\u045a\u0435\u043d\u043e \u0432\u0440\u0435\u043c\u0435 \u0447\u0438\u0442\u0430\u045a\u0430":"1 \u043c\u0438\u043d\u0443\u0442"},"schema":{"@context":"https:\/\/schema.org","@graph":[{"@type":"WebPage","@id":"https:\/\/mlrf.me\/about-us\/","url":"https:\/\/mlrf.me\/about-us\/","name":"About us - MLRF","isPartOf":{"@id":"https:\/\/mlrf.me\/me\/#website"},"primaryImageOfPage":{"@id":"https:\/\/mlrf.me\/about-us\/#primaryimage"},"image":{"@id":"https:\/\/mlrf.me\/about-us\/#primaryimage"},"thumbnailUrl":"https:\/\/mlrf.me\/wp-content\/uploads\/2023\/03\/misije-i-ciljevi.jpg","datePublished":"2020-12-07T18:05:20+00:00","dateModified":"2023-04-03T11:45:21+00:00","breadcrumb":{"@id":"https:\/\/mlrf.me\/about-us\/#breadcrumb"},"inLanguage":"sr-RS","potentialAction":[{"@type":"ReadAction","target":["https:\/\/mlrf.me\/about-us\/"]}]},{"@type":"ImageObject","inLanguage":"sr-RS","@id":"https:\/\/mlrf.me\/about-us\/#primaryimage","url":"https:\/\/mlrf.me\/wp-content\/uploads\/2023\/03\/misije-i-ciljevi.jpg","contentUrl":"https:\/\/mlrf.me\/wp-content\/uploads\/2023\/03\/misije-i-ciljevi.jpg"},{"@type":"BreadcrumbList","@id":"https:\/\/mlrf.me\/about-us\/#breadcrumb","itemListElement":[{"@type":"ListItem","position":1,"name":"Home","item":"https:\/\/mlrf.me\/"},{"@type":"ListItem","position":2,"name":"About us"}]},{"@type":"WebSite","@id":"https:\/\/mlrf.me\/me\/#website","url":"https:\/\/mlrf.me\/me\/","name":"MLRF","description":"Fondacija za istra\u017eivanje morskog \u017eivota","publisher":{"@id":"https:\/\/mlrf.me\/me\/#organization"},"potentialAction":[{"@type":"SearchAction","target":{"@type":"EntryPoint","urlTemplate":"https:\/\/mlrf.me\/me\/?s={search_term_string}"},"query-input":{"@type":"PropertyValueSpecification","valueRequired":true,"valueName":"search_term_string"}}],"inLanguage":"sr-RS"},{"@type":"Organization","@id":"https:\/\/mlrf.me\/me\/#organization","name":"Fondacija za istra\u017eivanje morskog \u017eivota","url":"https:\/\/mlrf.me\/me\/","logo":{"@type":"ImageObject","inLanguage":"sr-RS","@id":"https:\/\/mlrf.me\/me\/#\/schema\/logo\/image\/","url":"https:\/\/mlrf.me\/wp-content\/uploads\/2023\/03\/cropped-marine-life-research.png","contentUrl":"https:\/\/mlrf.me\/wp-content\/uploads\/2023\/03\/cropped-marine-life-research.png","width":978,"height":978,"caption":"Marine Life Research Foundation"},"image":{"@id":"https:\/\/mlrf.me\/me\/#\/schema\/logo\/image\/"},"sameAs":["https:\/\/www.facebook.com\/marineliferesearchfoundation?locale=sr_RS","https:\/\/www.instagram.com\/marinelife_rf\/"]}]}},"_links":{"self":[{"href":"https:\/\/mlrf.me\/me\/wp-json\/wp\/v2\/pages\/3575","targetHints":{"allow":["GET"]}}],"collection":[{"href":"https:\/\/mlrf.me\/me\/wp-json\/wp\/v2\/pages"}],"about":[{"href":"https:\/\/mlrf.me\/me\/wp-json\/wp\/v2\/types\/page"}],"author":[{"embeddable":true,"href":"https:\/\/mlrf.me\/me\/wp-json\/wp\/v2\/users\/1"}],"replies":[{"embeddable":true,"href":"https:\/\/mlrf.me\/me\/wp-json\/wp\/v2\/comments?post=3575"}],"version-history":[{"count":34,"href":"https:\/\/mlrf.me\/me\/wp-json\/wp\/v2\/pages\/3575\/revisions"}],"predecessor-version":[{"id":4915,"href":"https:\/\/mlrf.me\/me\/wp-json\/wp\/v2\/pages\/3575\/revisions\/4915"}],"wp:attachment":[{"href":"https:\/\/mlrf.me\/me\/wp-json\/wp\/v2\/media?parent=3575"}],"curies":[{"name":"wp","href":"https:\/\/api.w.org\/{rel}","templated":true}]}}